{"id":22602,"date":"2017-12-16T12:20:33","date_gmt":"2017-12-16T12:20:33","guid":{"rendered":"http:\/\/quadris-consulting.net\/?page_id=22602"},"modified":"2021-12-21T13:15:01","modified_gmt":"2021-12-21T12:15:01","slug":"referenzen-2-2-2","status":"publish","type":"page","link":"https:\/\/quadris-consulting.com\/index.php\/de\/referenzen-2-2-2\/","title":{"rendered":"Referenzen"},"content":{"rendered":"<div class=\"wpb-content-wrapper\"><p>[vc_row row_type=&#8221;row&#8221; use_row_as_full_screen_section=&#8221;no&#8221; type=&#8221;full_width&#8221; text_align=&#8221;left&#8221; background_animation=&#8221;none&#8221; css_animation=&#8221;&#8221;][vc_column css=&#8221;.vc_custom_1514467941028{border-top-width: 1px !important;border-bottom-width: 1px !important;padding-bottom: 30px !important;border-top-color: #f29029 !important;border-top-style: solid !important;border-bottom-color: #f29029 !important;border-bottom-style: solid !important;}&#8221;][vc_column_text]<\/p>\n<h1 style=\"text-align: center;\">Referenzen<\/h1>\n<p>[\/vc_column_text][\/vc_column][\/vc_row][vc_row row_type=&#8221;row&#8221; use_row_as_full_screen_section=&#8221;no&#8221; type=&#8221;full_width&#8221; text_align=&#8221;left&#8221; background_animation=&#8221;none&#8221; css_animation=&#8221;&#8221; css=&#8221;.vc_custom_1513428388344{margin-top: 40px !important;}&#8221;][vc_column width=&#8221;1\/2&#8243; css=&#8221;.vc_custom_1490889963311{margin-top: 40px !important;margin-bottom: 40px !important;}&#8221;][vc_single_image image=&#8221;22872&#8243; add_caption=&#8221;yes&#8221; qode_css_animation=&#8221;&#8221;][vc_column_text css=&#8221;.vc_custom_1496949133296{margin-top: 20px !important;}&#8221;]<span style=\"color: #f29029;\">Univ.-Prof. Dr. med. univ.\u00a0Kurt Zatloukal<br \/>\nDirector BBMRI.at &amp; Coordinator<\/span>[\/vc_column_text][vc_column_text css=&#8221;.vc_custom_1640017729957{margin-bottom: 30px !important;}&#8221;]<em>Die Unterst\u00fctzung der QUADRIS bei der Entwicklung des Businessplans f\u00fcr das europ\u00e4ische <a href=\"https:\/\/www.bbmri-eric.eu\">Biobanking and BioMolecular resources Research Infrastructure<\/a> (BBMRI) Netzwerk war wesentlich f\u00fcr die Finanzierungszusagen der beteiligten L\u00e4nder und letztlich die operative Umsetzung und den Aufbau der Zentrale in \u00d6sterreich. Ich sch\u00e4tze an der QUADRIS besonders die Kombination aus wissenschaftlichen Sachverstand, operativer Exzellenz und Umsetzungsst\u00e4rke.<\/em>[\/vc_column_text][\/vc_column][vc_column width=&#8221;1\/2&#8243; css=&#8221;.vc_custom_1496666050539{margin-top: 40px !important;}&#8221;][vc_single_image image=&#8221;22411&#8243; add_caption=&#8221;yes&#8221; qode_css_animation=&#8221;&#8221;][vc_column_text css=&#8221;.vc_custom_1513489199115{margin-top: 20px !important;}&#8221;]<span style=\"color: #f29029;\">Mag.\u00a0Michael Moll<br \/>\n<\/span><span style=\"color: #f29029;\">Sprecher des \u00f6sterreichischen Inkubatorennetzwerk AplusB,\u00a0Gesch\u00e4ftsf\u00fchrer der accent Gr\u00fcnderservice GmbH<\/span>[\/vc_column_text][vc_column_text css=&#8221;.vc_custom_1640017843476{margin-bottom: 30px !important;}&#8221;]<em>Ziel- und umsetzungsorientiert unterst\u00fctzte Kirsten Tangemann den Aufbau sowie die Entwicklung und Durchf\u00fchrung von strategischen Projekten des Vereins <a href=\"https:\/\/aplusb.biz\">\u00d6sterreichisches Inkubatorennetzwerk AplusB<\/a>. Es gelingt ihr nicht nur mit gro\u00dfem Geschick, Einzelinteressen zum Nutzen aller Beteiligten zu einem gemeinsamen, gro\u00dfen Ganzen zusammenzuf\u00fchren, der Verein profitiert auch von ihrer exzellenten Kenntnis der \u00f6sterreichischen und internationalen Aktivit\u00e4ten und Trends im Business Incubation Bereich.<\/em>[\/vc_column_text][\/vc_column][\/vc_row][vc_row row_type=&#8221;row&#8221; use_row_as_full_screen_section=&#8221;no&#8221; type=&#8221;full_width&#8221; text_align=&#8221;left&#8221; background_animation=&#8221;none&#8221; css_animation=&#8221;&#8221;][vc_column width=&#8221;1\/2&#8243; css=&#8221;.vc_custom_1490889963311{margin-top: 40px !important;margin-bottom: 40px !important;}&#8221;][vc_single_image image=&#8221;22418&#8243; qode_css_animation=&#8221;&#8221;][vc_column_text css=&#8221;.vc_custom_1496949256500{margin-top: 20px !important;}&#8221;]<span style=\"color: #f29029;\">Mag.\u00a0Matej Rus<br \/>\nHead of Start:up Slovenia Initiative, CEO Venture factory<\/span>[\/vc_column_text][vc_column_text css=&#8221;.vc_custom_1513427344501{margin-bottom: 30px !important;}&#8221;]<em>Ich arbeite seit 2004 mit Kirsten in verschiedenen grenz\u00fcberschreitenden Projekten zusammen. Kirsten genie\u00dft n den Gebieten Business Incubation und Technologietransfer aufgrund ihrer umfassenden und breiten Expertise ein sehr hohes Ansehen. Ihre Workshops mir internationalen Partnern sind hoch effizient und fokussieren auf L\u00f6sungen und umsetzbare Ergebnisse.<\/em>[\/vc_column_text][\/vc_column][vc_column width=&#8221;1\/2&#8243; css=&#8221;.vc_custom_1496666061306{margin-top: 40px !important;}&#8221;][vc_single_image image=&#8221;22414&#8243; add_caption=&#8221;yes&#8221; qode_css_animation=&#8221;&#8221;][vc_column_text css=&#8221;.vc_custom_1513427269785{margin-top: 20px !important;}&#8221;]<span style=\"color: #f29029;\">Walburga Fr\u00f6hlich,\u00a0MA und<br \/>\nMag.\u00a0Klaus Candussi,\u00a0MAS<br \/>\natempo GmbH &#8211; Gesch\u00e4ftsf\u00fchrung<\/span>[\/vc_column_text][vc_column_text css=&#8221;.vc_custom_1513427296392{margin-bottom: 30px !important;}&#8221;]<em>Als Ashoka Coach unterst\u00fctzte uns Kirsten Tangemann mit ihrer strukturierten und strategischen Vorgangsweise bei der Entwicklung eines digitalen Gesch\u00e4ftsmodells. Die QUADRIS schafft mit ihrer wissenschaftlich-technischen und sozialen Kompetenz einen wesentlichen Mehrwert f\u00fcr Sozialunternehmen.<\/em>[\/vc_column_text][\/vc_column][\/vc_row][vc_row row_type=&#8221;row&#8221; use_row_as_full_screen_section=&#8221;no&#8221; type=&#8221;full_width&#8221; text_align=&#8221;left&#8221; background_animation=&#8221;none&#8221; css_animation=&#8221;&#8221;][vc_column width=&#8221;1\/2&#8243; css=&#8221;.vc_custom_1490626361240{margin-top: 40px !important;margin-bottom: 40px !important;}&#8221;][vc_single_image image=&#8221;22869&#8243; qode_css_animation=&#8221;&#8221;][vc_column_text css=&#8221;.vc_custom_1513427218544{margin-top: 20px !important;}&#8221;]<span style=\"color: #f29029;\">Rudolf Grutschnig<br \/>\n<\/span><span style=\"color: #f29029;\">Head of Digital CC bei Verlagsgruppe News<\/span>[\/vc_column_text][vc_column_text css=&#8221;.vc_custom_1513427238087{margin-bottom: 30px !important;}&#8221;]<em>Seit vielen Jahren arbeite ich mit der QUADRIS zusammen. Die fachliche und soziale Kompetenz machen die QUADRIS zu einer au\u00dfergew\u00f6hnlichen Firma in der Beratungsbranche.<\/em>[\/vc_column_text][\/vc_column][vc_column width=&#8221;1\/2&#8243; css=&#8221;.vc_custom_1496666074079{margin-top: 40px !important;}&#8221;][vc_column_text css=&#8221;.vc_custom_1513427172945{margin-top: 20px !important;}&#8221;]<span style=\"color: #f29029;\">Wolfgang Krickl,\u00a0MBA<\/span><br \/>\n<span style=\"color: #f29029;\">Gesch\u00e4ftsf\u00fchrer der Signatis Pharma GmbH<\/span>[\/vc_column_text][vc_column_text css=&#8221;.vc_custom_1513427523764{margin-bottom: 100px !important;}&#8221;]<em>Die QUADRIS war ein starker und verl\u00e4sslicher Partner, der uns bei der Ausgr\u00fcndung der Signatis in strategischen Fragen wirkungsvoll unterst\u00fctzt hat.<\/em>[\/vc_column_text][\/vc_column][vc_column][vc_column_text css=&#8221;.vc_custom_1640088327281{margin-top: 20px !important;}&#8221;]<span style=\"color: #f29029;\">&#8230; und viele weitere Referenenzprojekte<\/span>[\/vc_column_text][vc_column_text css=&#8221;.vc_custom_1640018289827{margin-bottom: 30px !important;}&#8221;]<em>Zus\u00e4tzlich zu diesen Beispielen k\u00f6nnen wir bei Bedarf und unter Voraussetztung der Zustimmung unserer AustraggeberInnen eine Vielzahl weiterer Referenzen aus einem breitgef\u00e4cherten Themenbereich nennen.<br \/>\n<\/em>[\/vc_column_text]<div class='q_icon_with_title  normal_icon center'><div class=\"icon_holder \" style=\" \"><div class=\"icon_holder_inner\"><span class=\"q_font_elegant_holder normal \" style=\"font-size: 55px;color: #f29029;\"><span class=\"icon_text_icon q_font_elegant_icon icon_quotations\" aria-hidden=\"true\" style=\"font-size: 55px;\"><\/span><\/span><\/div><\/div><div class=\"icon_text_holder\" style=\"\"><div class=\"icon_text_inner\" style=\"\"><h4 class=\"icon_title\" style=\"\"><\/h4><p style=''><\/p><\/div><\/div><\/div>[vc_column_text css=&#8221;.vc_custom_1640025085036{margin-bottom: 100px !important;}&#8221;]<\/p>\n<h5 style=\"text-align: center;\">Wir verfolgen und leben einen ganzheitlichen Ansatz sowohl in der Beratung als auch in den F\u00e4higkeiten und Pers\u00f6nlichkeiten unserer BeraterInnen.<\/h5>\n<p>[\/vc_column_text][\/vc_column][\/vc_row]<\/p>\n<\/div>","protected":false},"excerpt":{"rendered":"<p>[vc_row row_type=&#8221;row&#8221; use_row_as_full_screen_section=&#8221;no&#8221; type=&#8221;full_width&#8221; text_align=&#8221;left&#8221; background_animation=&#8221;none&#8221; css_animation=&#8221;&#8221;][vc_column css=&#8221;.vc_custom_1514467941028{border-top-width: 1px !important;border-bottom-width: 1px !important;padding-bottom: 30px !important;border-top-color: #f29029 !important;border-top-style: solid !important;border-bottom-color: #f29029 !important;border-bottom-style: solid !important;}&#8221;][vc_column_text] Referenzen [\/vc_column_text][\/vc_column][\/vc_row][vc_row row_type=&#8221;row&#8221; use_row_as_full_screen_section=&#8221;no&#8221; type=&#8221;full_width&#8221; text_align=&#8221;left&#8221; background_animation=&#8221;none&#8221; css_animation=&#8221;&#8221; css=&#8221;.vc_custom_1513428388344{margin-top: 40px !important;}&#8221;][vc_column width=&#8221;1\/2&#8243; css=&#8221;.vc_custom_1490889963311{margin-top: 40px !important;margin-bottom: 40px !important;}&#8221;][vc_single_image image=&#8221;22872&#8243; add_caption=&#8221;yes&#8221; qode_css_animation=&#8221;&#8221;][vc_column_text css=&#8221;.vc_custom_1496949133296{margin-top: 20px !important;}&#8221;]Univ.-Prof&#8230;.<\/p>\n","protected":false},"author":1,"featured_media":0,"parent":0,"menu_order":0,"comment_status":"closed","ping_status":"closed","template":"","meta":{"footnotes":""},"class_list":["post-22602","page","type-page","status-publish","hentry"],"_links":{"self":[{"href":"https:\/\/quadris-consulting.com\/index.php\/wp-json\/wp\/v2\/pages\/22602","targetHints":{"allow":["GET"]}}],"collection":[{"href":"https:\/\/quadris-consulting.com\/index.php\/wp-json\/wp\/v2\/pages"}],"about":[{"href":"https:\/\/quadris-consulting.com\/index.php\/wp-json\/wp\/v2\/types\/page"}],"author":[{"embeddable":true,"href":"https:\/\/quadris-consulting.com\/index.php\/wp-json\/wp\/v2\/users\/1"}],"replies":[{"embeddable":true,"href":"https:\/\/quadris-consulting.com\/index.php\/wp-json\/wp\/v2\/comments?post=22602"}],"version-history":[{"count":54,"href":"https:\/\/quadris-consulting.com\/index.php\/wp-json\/wp\/v2\/pages\/22602\/revisions"}],"predecessor-version":[{"id":22873,"href":"https:\/\/quadris-consulting.com\/index.php\/wp-json\/wp\/v2\/pages\/22602\/revisions\/22873"}],"wp:attachment":[{"href":"https:\/\/quadris-consulting.com\/index.php\/wp-json\/wp\/v2\/media?parent=22602"}],"curies":[{"name":"wp","href":"https:\/\/api.w.org\/{rel}","templated":true}]}}