{"id":22305,"date":"2017-06-05T14:07:24","date_gmt":"2017-06-05T14:07:24","guid":{"rendered":"http:\/\/quadris-consulting.net\/?page_id=22305"},"modified":"2017-12-17T06:55:10","modified_gmt":"2017-12-17T06:55:10","slug":"quadris-home-2-2","status":"publish","type":"page","link":"https:\/\/quadris-consulting.com\/index.php\/en\/quadris-home-2-2\/","title":{"rendered":"Quadris test"},"content":{"rendered":"<div class=\"wpb-content-wrapper\"><p>[vc_row row_type=&#8221;row&#8221; use_row_as_full_screen_section=&#8221;no&#8221; type=&#8221;full_width&#8221; text_align=&#8221;left&#8221; css_animation=&#8221;&#8221; css=&#8221;.vc_custom_1496771242141{margin-bottom: 35px !important;}&#8221; el_class=&#8221;hidefix&#8221;][vc_column offset=&#8221;vc_hidden-sm vc_hidden-xs&#8221;]<div class='image_hover ' style='' data-transition-delay=''><div class='images_holder'><a href='http:\/\/quadris-consulting.net\/index.php\/de\/offentlicher-sektor\/' target='_self'><img class='' src='' alt='' style='' \/><img class='hover_image' src='' alt='' style='' \/><\/a><\/div><\/div>[\/vc_column][\/vc_row][vc_row row_type=&#8221;row&#8221; use_row_as_full_screen_section=&#8221;no&#8221; type=&#8221;full_width&#8221; text_align=&#8221;left&#8221; css_animation=&#8221;&#8221; css=&#8221;.vc_custom_1496767138149{margin-bottom: 35px !important;}&#8221; el_class=&#8221;hidefix&#8221;][vc_column offset=&#8221;vc_hidden-sm vc_hidden-xs&#8221;]<div class='image_hover ' style='' data-transition-delay=''><div class='images_holder'><a href='http:\/\/quadris-consulting.net\/index.php\/de\/bildung-wissenschaft\/' target='_self'><img class='' src='' alt='' style='' \/><img class='hover_image' src='' alt='' style='' \/><\/a><\/div><\/div>[\/vc_column][\/vc_row][vc_row row_type=&#8221;row&#8221; use_row_as_full_screen_section=&#8221;no&#8221; type=&#8221;full_width&#8221; text_align=&#8221;left&#8221; css_animation=&#8221;&#8221; css=&#8221;.vc_custom_1496767143028{margin-bottom: 35px !important;}&#8221; el_class=&#8221;hidefix&#8221;][vc_column offset=&#8221;vc_hidden-sm vc_hidden-xs&#8221;]<div class='image_hover ' style='' data-transition-delay=''><div class='images_holder'><a href='http:\/\/quadris-consulting.net\/index.php\/de\/startups-klein-mittelbetriebe\/' target='_self'><img class='' src='' alt='' style='' \/><img class='hover_image' src='' alt='' style='' \/><\/a><\/div><\/div>[\/vc_column][\/vc_row][vc_row row_type=&#8221;row&#8221; use_row_as_full_screen_section=&#8221;no&#8221; type=&#8221;full_width&#8221; text_align=&#8221;left&#8221; css_animation=&#8221;&#8221; el_class=&#8221;hidefix&#8221;][vc_column offset=&#8221;vc_hidden-sm vc_hidden-xs&#8221;]<div class='image_hover ' style='' data-transition-delay=''><div class='images_holder'><a href='http:\/\/quadris-consulting.net\/index.php\/de\/grosunternehmen\/' target='_self'><img class='' src='' alt='' style='' \/><img class='hover_image' src='' alt='' style='' \/><\/a><\/div><\/div>[\/vc_column][\/vc_row][vc_row row_type=&#8221;row&#8221; use_row_as_full_screen_section=&#8221;no&#8221; type=&#8221;full_width&#8221; text_align=&#8221;left&#8221; css_animation=&#8221;&#8221; css=&#8221;.vc_custom_1496770173215{margin-bottom: 15px !important;}&#8221;][vc_column offset=&#8221;vc_hidden-lg vc_hidden-md&#8221;]<div class='image_hover ' style='' data-transition-delay=''><div class='images_holder'><a href='http:\/\/quadris-consulting.net\/index.php\/de\/offentlicher-sektor\/' target='_self'><img class='' src='' alt='' style='' \/><img class='hover_image' src='' alt='' style='' \/><\/a><\/div><\/div>[\/vc_column][\/vc_row][vc_row row_type=&#8221;row&#8221; use_row_as_full_screen_section=&#8221;no&#8221; type=&#8221;full_width&#8221; text_align=&#8221;left&#8221; css_animation=&#8221;&#8221; css=&#8221;.vc_custom_1496770199172{margin-bottom: 15px !important;}&#8221;][vc_column offset=&#8221;vc_hidden-lg vc_hidden-md&#8221;]<div class='image_hover ' style='' data-transition-delay=''><div class='images_holder'><a href='http:\/\/quadris-consulting.net\/index.php\/de\/bildung-wissenschaft\/' target='_self'><img class='' src='' alt='' style='' \/><img class='hover_image' src='' alt='' style='' \/><\/a><\/div><\/div>[\/vc_column][\/vc_row][vc_row row_type=&#8221;row&#8221; use_row_as_full_screen_section=&#8221;no&#8221; type=&#8221;full_width&#8221; text_align=&#8221;left&#8221; css_animation=&#8221;&#8221; css=&#8221;.vc_custom_1496770208218{margin-bottom: 15px !important;}&#8221;][vc_column offset=&#8221;vc_hidden-lg vc_hidden-md&#8221;]<div class='image_hover ' style='' data-transition-delay=''><div class='images_holder'><a href='http:\/\/quadris-consulting.net\/index.php\/de\/startups-klein-mittelbetriebe\/' target='_self'><img class='' src='' alt='' style='' \/><img class='hover_image' src='' alt='' style='' \/><\/a><\/div><\/div>[\/vc_column][\/vc_row][vc_row row_type=&#8221;row&#8221; use_row_as_full_screen_section=&#8221;no&#8221; type=&#8221;full_width&#8221; text_align=&#8221;left&#8221; css_animation=&#8221;&#8221;][vc_column offset=&#8221;vc_hidden-lg vc_hidden-md&#8221;]<div class='image_hover ' style='' data-transition-delay=''><div class='images_holder'><a href='http:\/\/quadris-consulting.net\/index.php\/de\/grosunternehmen\/' target='_self'><img class='' src='' alt='' style='' \/><img class='hover_image' src='' alt='' style='' \/><\/a><\/div><\/div>[\/vc_column][\/vc_row][vc_row row_type=&#8221;row&#8221; use_row_as_full_screen_section=&#8221;no&#8221; type=&#8221;full_width&#8221; text_align=&#8221;left&#8221; css_animation=&#8221;&#8221;][vc_column]<span class=\"q_font_elegant_holder q_icon_shortcode normal pull-center \" style=\"font-size: 60px;color: #f29029;margin: 100; \"><span class=\"q_font_elegant_icon icon_quotations\" aria-hidden=\"true\" style=\"font-size: 60px;width: 60px;height: 60px;\"><\/span><\/span>[\/vc_column][\/vc_row][vc_row row_type=&#8221;row&#8221; use_row_as_full_screen_section=&#8221;no&#8221; type=&#8221;full_width&#8221; text_align=&#8221;left&#8221; css_animation=&#8221;&#8221;][vc_column css=&#8221;.vc_custom_1491334407575{margin-bottom: 100px !important;}&#8221;][vc_column_text]<\/p>\n<h5 style=\"text-align: center;\">QUADRIS Consulting unterst\u00fctzt F\u00fchrungskr\u00e4fte in Organisationen und Unternehmen bei der Optimierung und Umsetzung ihrer Strategie.<\/h5>\n<p>[\/vc_column_text][\/vc_column][\/vc_row]<\/p>\n<\/div>","protected":false},"excerpt":{"rendered":"<p>[vc_row row_type=&#8221;row&#8221; use_row_as_full_screen_section=&#8221;no&#8221; type=&#8221;full_width&#8221; text_align=&#8221;left&#8221; css_animation=&#8221;&#8221; css=&#8221;.vc_custom_1496771242141{margin-bottom: 35px !important;}&#8221; el_class=&#8221;hidefix&#8221;][vc_column offset=&#8221;vc_hidden-sm vc_hidden-xs&#8221;][\/vc_column][\/vc_row][vc_row row_type=&#8221;row&#8221; use_row_as_full_screen_section=&#8221;no&#8221; type=&#8221;full_width&#8221; text_align=&#8221;left&#8221; css_animation=&#8221;&#8221; css=&#8221;.vc_custom_1496767138149{margin-bottom: 35px !important;}&#8221; el_class=&#8221;hidefix&#8221;][vc_column offset=&#8221;vc_hidden-sm vc_hidden-xs&#8221;][\/vc_column][\/vc_row][vc_row row_type=&#8221;row&#8221; use_row_as_full_screen_section=&#8221;no&#8221; type=&#8221;full_width&#8221; text_align=&#8221;left&#8221; css_animation=&#8221;&#8221; css=&#8221;.vc_custom_1496767143028{margin-bottom: 35px !important;}&#8221; el_class=&#8221;hidefix&#8221;][vc_column offset=&#8221;vc_hidden-sm vc_hidden-xs&#8221;][\/vc_column][\/vc_row][vc_row row_type=&#8221;row&#8221; use_row_as_full_screen_section=&#8221;no&#8221; type=&#8221;full_width&#8221; text_align=&#8221;left&#8221; css_animation=&#8221;&#8221; el_class=&#8221;hidefix&#8221;][vc_column offset=&#8221;vc_hidden-sm vc_hidden-xs&#8221;][\/vc_column][\/vc_row][vc_row row_type=&#8221;row&#8221; use_row_as_full_screen_section=&#8221;no&#8221; type=&#8221;full_width&#8221;&#8230;<\/p>\n","protected":false},"author":1,"featured_media":0,"parent":0,"menu_order":0,"comment_status":"closed","ping_status":"closed","template":"","meta":{"footnotes":""},"class_list":["post-22305","page","type-page","status-publish","hentry"],"_links":{"self":[{"href":"https:\/\/quadris-consulting.com\/index.php\/wp-json\/wp\/v2\/pages\/22305","targetHints":{"allow":["GET"]}}],"collection":[{"href":"https:\/\/quadris-consulting.com\/index.php\/wp-json\/wp\/v2\/pages"}],"about":[{"href":"https:\/\/quadris-consulting.com\/index.php\/wp-json\/wp\/v2\/types\/page"}],"author":[{"embeddable":true,"href":"https:\/\/quadris-consulting.com\/index.php\/wp-json\/wp\/v2\/users\/1"}],"replies":[{"embeddable":true,"href":"https:\/\/quadris-consulting.com\/index.php\/wp-json\/wp\/v2\/comments?post=22305"}],"version-history":[{"count":33,"href":"https:\/\/quadris-consulting.com\/index.php\/wp-json\/wp\/v2\/pages\/22305\/revisions"}],"predecessor-version":[{"id":22676,"href":"https:\/\/quadris-consulting.com\/index.php\/wp-json\/wp\/v2\/pages\/22305\/revisions\/22676"}],"wp:attachment":[{"href":"https:\/\/quadris-consulting.com\/index.php\/wp-json\/wp\/v2\/media?parent=22305"}],"curies":[{"name":"wp","href":"https:\/\/api.w.org\/{rel}","templated":true}]}}