{"id":21841,"date":"2017-03-29T16:21:43","date_gmt":"2017-03-29T16:21:43","guid":{"rendered":"http:\/\/quadris-consulting.net\/?page_id=21841"},"modified":"2022-01-01T11:30:43","modified_gmt":"2022-01-01T10:30:43","slug":"quadris-home","status":"publish","type":"page","link":"https:\/\/quadris-consulting.com\/index.php\/de\/quadris-home\/","title":{"rendered":"Quadris Home"},"content":{"rendered":"<div class=\"wpb-content-wrapper\"><p>[vc_row row_type=&#8221;row&#8221; use_row_as_full_screen_section=&#8221;no&#8221; type=&#8221;full_width&#8221; text_align=&#8221;left&#8221; background_animation=&#8221;none&#8221; css_animation=&#8221;&#8221; css=&#8221;.vc_custom_1514539948032{margin-bottom: 15px !important;}&#8221; el_class=&#8221;hidefix&#8221;][vc_column offset=&#8221;vc_hidden-xs&#8221;]<div class='image_hover ' style='' data-transition-delay=''><div class='images_holder'><a href='https:\/\/quadris-consulting.com\/index.php\/de\/schwerpunkte\/' target='_self'><img class='active_image ' src='https:\/\/quadris-consulting.com\/wp-content\/uploads\/2021\/12\/Bar1_d_1100px.jpg' alt='' style='' \/><img class='hover_image' src='https:\/\/quadris-consulting.com\/wp-content\/uploads\/2021\/12\/Bar1H_d_1100px.jpg' alt='' style='' \/><\/a><\/div><\/div>[\/vc_column][\/vc_row][vc_row row_type=&#8221;row&#8221; use_row_as_full_screen_section=&#8221;no&#8221; type=&#8221;full_width&#8221; text_align=&#8221;left&#8221; background_animation=&#8221;none&#8221; css_animation=&#8221;&#8221; css=&#8221;.vc_custom_1514539954608{margin-bottom: 15px !important;}&#8221; el_class=&#8221;hidefix&#8221;][vc_column offset=&#8221;vc_hidden-xs&#8221;]<div class='image_hover ' style='' data-transition-delay=''><div class='images_holder'><a href='https:\/\/quadris-consulting.com\/index.php\/de\/schwerpunkte\/' target='_self'><img class='active_image ' src='https:\/\/quadris-consulting.com\/wp-content\/uploads\/2021\/12\/Bar2_d_1100px.jpg' alt='' style='' \/><img class='hover_image' src='https:\/\/quadris-consulting.com\/wp-content\/uploads\/2021\/12\/Bar2H_d_1100px.jpg' alt='' style='' \/><\/a><\/div><\/div>[\/vc_column][\/vc_row][vc_row row_type=&#8221;row&#8221; use_row_as_full_screen_section=&#8221;no&#8221; type=&#8221;full_width&#8221; text_align=&#8221;left&#8221; background_animation=&#8221;none&#8221; css_animation=&#8221;&#8221; el_class=&#8221;hidefix&#8221; css=&#8221;.vc_custom_1514540057562{margin-bottom: 15px !important;}&#8221;][vc_column offset=&#8221;vc_hidden-xs&#8221;]<div class='image_hover ' style='' data-transition-delay=''><div class='images_holder'><a href='https:\/\/quadris-consulting.com\/index.php\/de\/schwerpunkte\/' target='_self'><img class='active_image ' src='https:\/\/quadris-consulting.com\/wp-content\/uploads\/2021\/12\/Bar3_d_1100px.jpg' alt='' style='' \/><img class='hover_image' src='https:\/\/quadris-consulting.com\/wp-content\/uploads\/2021\/12\/Bar3H_d_1100px.jpg' alt='' style='' \/><\/a><\/div><\/div>[\/vc_column][\/vc_row][vc_row row_type=&#8221;row&#8221; use_row_as_full_screen_section=&#8221;no&#8221; type=&#8221;full_width&#8221; text_align=&#8221;left&#8221; background_animation=&#8221;none&#8221; css_animation=&#8221;&#8221; el_class=&#8221;hidefix&#8221;][vc_column offset=&#8221;vc_hidden-xs&#8221;]<div class='image_hover ' style='' data-transition-delay=''><div class='images_holder'><a href='https:\/\/quadris-consulting.com\/index.php\/de\/schwerpunkte\/' target='_self'><img class='active_image ' src='https:\/\/quadris-consulting.com\/wp-content\/uploads\/2021\/12\/Bar4_d_1100px.jpg' alt='' style='' \/><img class='hover_image' src='https:\/\/quadris-consulting.com\/wp-content\/uploads\/2021\/12\/Bar4H_d_1100px.jpg' alt='' style='' \/><\/a><\/div><\/div>[\/vc_column][\/vc_row][vc_row row_type=&#8221;row&#8221; use_row_as_full_screen_section=&#8221;no&#8221; type=&#8221;full_width&#8221; text_align=&#8221;left&#8221; background_animation=&#8221;none&#8221; css_animation=&#8221;&#8221; css=&#8221;.vc_custom_1513494345557{margin-bottom: 15px !important;}&#8221;][vc_column offset=&#8221;vc_hidden-lg vc_hidden-md vc_hidden-sm&#8221;]<div class='image_hover ' style='' data-transition-delay=''><div class='images_holder'><a href='https:\/\/quadris-consulting.com\/index.php\/de\/schwerpunkte\/' target='_self'><img class='active_image ' src='https:\/\/quadris-consulting.com\/wp-content\/uploads\/2021\/12\/Handy1_d_1100px.jpg' alt='' style='' \/><img class='hover_image' src='https:\/\/quadris-consulting.com\/wp-content\/uploads\/2021\/12\/Handy1H_d_1100px.jpg' alt='' style='' \/><\/a><\/div><\/div>[\/vc_column][\/vc_row][vc_row row_type=&#8221;row&#8221; use_row_as_full_screen_section=&#8221;no&#8221; type=&#8221;full_width&#8221; text_align=&#8221;left&#8221; background_animation=&#8221;none&#8221; css_animation=&#8221;&#8221; css=&#8221;.vc_custom_1513494351814{margin-bottom: 15px !important;}&#8221;][vc_column offset=&#8221;vc_hidden-lg vc_hidden-md vc_hidden-sm&#8221;]<div class='image_hover ' style='' data-transition-delay=''><div class='images_holder'><a href='https:\/\/quadris-consulting.com\/index.php\/de\/schwerpunkte\/' target='_self'><img class='active_image ' src='https:\/\/quadris-consulting.com\/wp-content\/uploads\/2021\/12\/Handy2_d_1100px.jpg' alt='' style='' \/><img class='hover_image' src='https:\/\/quadris-consulting.com\/wp-content\/uploads\/2021\/12\/Handy2H_d_1100px.jpg' alt='' style='' \/><\/a><\/div><\/div>[\/vc_column][\/vc_row][vc_row row_type=&#8221;row&#8221; use_row_as_full_screen_section=&#8221;no&#8221; type=&#8221;full_width&#8221; text_align=&#8221;left&#8221; background_animation=&#8221;none&#8221; css_animation=&#8221;&#8221; css=&#8221;.vc_custom_1513494359040{margin-bottom: 15px !important;}&#8221;][vc_column offset=&#8221;vc_hidden-lg vc_hidden-md vc_hidden-sm&#8221;]<div class='image_hover ' style='' data-transition-delay=''><div class='images_holder'><a href='https:\/\/quadris-consulting.com\/index.php\/de\/schwerpunkte\/' target='_self'><img class='active_image ' src='https:\/\/quadris-consulting.com\/wp-content\/uploads\/2021\/12\/Handy3_d_1100px.jpg' alt='' style='' \/><img class='hover_image' src='https:\/\/quadris-consulting.com\/wp-content\/uploads\/2021\/12\/Handy3H_d_1100px.jpg' alt='' style='' \/><\/a><\/div><\/div>[\/vc_column][\/vc_row][vc_row row_type=&#8221;row&#8221; use_row_as_full_screen_section=&#8221;no&#8221; type=&#8221;full_width&#8221; text_align=&#8221;left&#8221; background_animation=&#8221;none&#8221; css_animation=&#8221;&#8221;][vc_column offset=&#8221;vc_hidden-lg vc_hidden-md vc_hidden-sm&#8221;]<div class='image_hover ' style='' data-transition-delay=''><div class='images_holder'><a href='https:\/\/quadris-consulting.com\/index.php\/de\/schwerpunkte\/' target='_self'><img class='active_image ' src='https:\/\/quadris-consulting.com\/wp-content\/uploads\/2021\/12\/Handy4_d_1100px.jpg' alt='' style='' \/><img class='hover_image' src='https:\/\/quadris-consulting.com\/wp-content\/uploads\/2021\/12\/Handy4H_d_1100px.jpg' alt='' style='' \/><\/a><\/div><\/div>[\/vc_column][\/vc_row][vc_row row_type=&#8221;row&#8221; use_row_as_full_screen_section=&#8221;no&#8221; type=&#8221;full_width&#8221; text_align=&#8221;left&#8221; background_animation=&#8221;none&#8221; css_animation=&#8221;&#8221;][vc_column css=&#8221;.vc_custom_1491334319428{margin-top: 30px !important;}&#8221;]<div class='q_icon_with_title  normal_icon center'><div class=\"icon_holder \" style=\" \"><div class=\"icon_holder_inner\"><span class=\"q_font_elegant_holder normal \" style=\"font-size: 60px;color: #f29029;\"><span class=\"icon_text_icon q_font_elegant_icon icon_quotations\" aria-hidden=\"true\" style=\"font-size: 60px;\"><\/span><\/span><\/div><\/div><div class=\"icon_text_holder\" style=\"\"><div class=\"icon_text_inner\" style=\"\"><h4 class=\"icon_title\" style=\"\"><\/h4><p style=''><\/p><\/div><\/div><\/div>[\/vc_column][\/vc_row][vc_row row_type=&#8221;row&#8221; use_row_as_full_screen_section=&#8221;no&#8221; type=&#8221;full_width&#8221; text_align=&#8221;left&#8221; background_animation=&#8221;none&#8221; css_animation=&#8221;&#8221;][vc_column css=&#8221;.vc_custom_1491334407575{margin-bottom: 100px !important;}&#8221;][vc_column_text]<\/p>\n<h5 style=\"text-align: center;\">QUADRIS Consulting unterst\u00fctzt F\u00fchrungskr\u00e4fte in Organisationen und Unternehmen bei der Entwicklung und Umsetzung ihrer Strategie.<\/h5>\n<p>[\/vc_column_text][\/vc_column][\/vc_row]<\/p>\n<\/div>","protected":false},"excerpt":{"rendered":"<p>[vc_row row_type=&#8221;row&#8221; use_row_as_full_screen_section=&#8221;no&#8221; type=&#8221;full_width&#8221; text_align=&#8221;left&#8221; background_animation=&#8221;none&#8221; css_animation=&#8221;&#8221; css=&#8221;.vc_custom_1514539948032{margin-bottom: 15px !important;}&#8221; el_class=&#8221;hidefix&#8221;][vc_column offset=&#8221;vc_hidden-xs&#8221;][\/vc_column][\/vc_row][vc_row row_type=&#8221;row&#8221; use_row_as_full_screen_section=&#8221;no&#8221; type=&#8221;full_width&#8221; text_align=&#8221;left&#8221; background_animation=&#8221;none&#8221; css_animation=&#8221;&#8221; css=&#8221;.vc_custom_1514539954608{margin-bottom: 15px !important;}&#8221; el_class=&#8221;hidefix&#8221;][vc_column offset=&#8221;vc_hidden-xs&#8221;][\/vc_column][\/vc_row][vc_row row_type=&#8221;row&#8221; use_row_as_full_screen_section=&#8221;no&#8221; type=&#8221;full_width&#8221; text_align=&#8221;left&#8221; background_animation=&#8221;none&#8221; css_animation=&#8221;&#8221; el_class=&#8221;hidefix&#8221; css=&#8221;.vc_custom_1514540057562{margin-bottom: 15px !important;}&#8221;][vc_column offset=&#8221;vc_hidden-xs&#8221;][\/vc_column][\/vc_row][vc_row row_type=&#8221;row&#8221; use_row_as_full_screen_section=&#8221;no&#8221; type=&#8221;full_width&#8221; text_align=&#8221;left&#8221; background_animation=&#8221;none&#8221; css_animation=&#8221;&#8221; el_class=&#8221;hidefix&#8221;][vc_column offset=&#8221;vc_hidden-xs&#8221;][\/vc_column][\/vc_row][vc_row row_type=&#8221;row&#8221; use_row_as_full_screen_section=&#8221;no&#8221; type=&#8221;full_width&#8221;&#8230;<\/p>\n","protected":false},"author":1,"featured_media":0,"parent":0,"menu_order":0,"comment_status":"closed","ping_status":"closed","template":"","meta":{"footnotes":""},"class_list":["post-21841","page","type-page","status-publish","hentry"],"_links":{"self":[{"href":"https:\/\/quadris-consulting.com\/index.php\/wp-json\/wp\/v2\/pages\/21841","targetHints":{"allow":["GET"]}}],"collection":[{"href":"https:\/\/quadris-consulting.com\/index.php\/wp-json\/wp\/v2\/pages"}],"about":[{"href":"https:\/\/quadris-consulting.com\/index.php\/wp-json\/wp\/v2\/types\/page"}],"author":[{"embeddable":true,"href":"https:\/\/quadris-consulting.com\/index.php\/wp-json\/wp\/v2\/users\/1"}],"replies":[{"embeddable":true,"href":"https:\/\/quadris-consulting.com\/index.php\/wp-json\/wp\/v2\/comments?post=21841"}],"version-history":[{"count":121,"href":"https:\/\/quadris-consulting.com\/index.php\/wp-json\/wp\/v2\/pages\/21841\/revisions"}],"predecessor-version":[{"id":23165,"href":"https:\/\/quadris-consulting.com\/index.php\/wp-json\/wp\/v2\/pages\/21841\/revisions\/23165"}],"wp:attachment":[{"href":"https:\/\/quadris-consulting.com\/index.php\/wp-json\/wp\/v2\/media?parent=21841"}],"curies":[{"name":"wp","href":"https:\/\/api.w.org\/{rel}","templated":true}]}}