{"id":18859,"date":"2014-06-02T09:22:38","date_gmt":"2014-06-02T09:22:38","guid":{"rendered":"http:\/\/demo.select-themes.com\/stockholm15\/?page_id=18859"},"modified":"2021-12-21T23:30:37","modified_gmt":"2021-12-21T22:30:37","slug":"about-us","status":"publish","type":"page","link":"https:\/\/quadris-consulting.com\/index.php\/de\/about-us\/","title":{"rendered":"Wer wir sind"},"content":{"rendered":"<div class=\"wpb-content-wrapper\"><p>[vc_row row_type=&#8221;row&#8221; use_row_as_full_screen_section=&#8221;no&#8221; type=&#8221;full_width&#8221; text_align=&#8221;left&#8221; background_animation=&#8221;none&#8221; css_animation=&#8221;&#8221;][vc_column css=&#8221;.vc_custom_1513426403522{border-top-width: 1px !important;border-bottom-width: 1px !important;padding-bottom: 30px !important;border-top-color: #f29029 !important;border-top-style: solid !important;border-bottom-color: #f29029 !important;border-bottom-style: solid !important;}&#8221;][vc_column_text]<\/p>\n<h1 style=\"text-align: center;\">Wer wir sind<\/h1>\n<p>[\/vc_column_text][\/vc_column][\/vc_row][vc_row row_type=&#8221;row&#8221; use_row_as_full_screen_section=&#8221;no&#8221; type=&#8221;full_width&#8221; text_align=&#8221;left&#8221; background_animation=&#8221;none&#8221; css_animation=&#8221;&#8221; css=&#8221;.vc_custom_1490766325237{margin-top: 30px !important;margin-bottom: 40px !important;}&#8221;][vc_column width=&#8221;1\/2&#8243; css=&#8221;.vc_custom_1496993301794{margin-top: 40px !important;margin-bottom: 30px !important;}&#8221;][vc_single_image image=&#8221;21636&#8243; qode_css_animation=&#8221;&#8221;][vc_column_text css=&#8221;.vc_custom_1640125698516{margin-top: 20px !important;}&#8221;]<\/p>\n<h2><span style=\"color: #ff9900;\"><a style=\"color: #ff9900;\" href=\"mailto:kirsten.tangemann@quadris-consulting.com\">Kirsten Tangemann<\/a><\/span><\/h2>\n<h3><span style=\"color: #ff9900;\">Gesch\u00e4ftsf\u00fchrerin, Partnerin<\/span><\/h3>\n<p>[\/vc_column_text][vc_column_text css=&#8221;.vc_custom_1640012011251{margin-top: 20px !important;margin-bottom: 35px !important;}&#8221;]Kirsten Tangemann ist sowohl in der Welt der Wissenschaft wie in der Welt der Wirtschaft zu Hause und fungiert vermittelnd an der Schnittstelle der beiden Welten. Nach \u00fcber zehn Jahren in der internationalen medizinischen Forschung zur Aufkl\u00e4rung von Krankheitsmechanismen widmete sich Kirsten Tangemann dem Aufbau und Management eines Business Inkubators (<em>Science Park Graz GmbH<\/em>) f\u00fcr die drei Grazer Universit\u00e4ten, um mit Forscher_innen wissenschaftliche Ergebnisse in funktionierende Gesch\u00e4ftsmodelle zu gie\u00dfen und Gr\u00fcnder_innen beim Aufbau ihrer Start-up Unternehmen zu unterst\u00fctzen. Im Jahr 2008 gr\u00fcndete sie mit Partnern die Quadris Consulting GmbH.[\/vc_column_text]<div class='q_icon_with_title  normal_icon center'><div class=\"icon_holder \" style=\" \"><div class=\"icon_holder_inner\"><span class=\"q_font_elegant_holder normal \" style=\"font-size: 55px;color: #f29029;\"><span class=\"icon_text_icon q_font_elegant_icon icon_quotations\" aria-hidden=\"true\" style=\"font-size: 55px;\"><\/span><\/span><\/div><\/div><div class=\"icon_text_holder\" style=\"\"><div class=\"icon_text_inner\" style=\"\"><h4 class=\"icon_title\" style=\"\"><\/h4><p style=''><\/p><\/div><\/div><\/div>[vc_column_text css=&#8221;.vc_custom_1513426059534{margin-bottom: 40px !important;}&#8221;]<\/p>\n<h5 style=\"text-align: center;\">Be the change that you wish to see in the world.<\/h5>\n<p>[\/vc_column_text][vc_column_text css=&#8221;.vc_custom_1640011989861{margin-top: 20px !important;margin-bottom: 35px !important;}&#8221;]Am Aufbau und der Implementierung von Schl\u00fcsselprojekten des <i>\u00d6sterreichischen <\/i><i>Inkubatorennetzwerks<\/i> <i>AplusB<\/i> war sie ma\u00dfgeblich beteiligt. Bei ihren Projekten steht die erzielte Wirkung im Mittelpunkt. Als Ashoka-Coach (<a href=\"http:\/\/ashoka-cee.org\/austria\/\"><em>Ashoka<\/em><\/a> ist ein weltweites Netzwerk zur F\u00f6rderung von Sozialunternehmertum) ist es ihr ein besonderes Anliegen, dass Wissenschaft und Technik mit L\u00f6sungen f\u00fcr gesellschaftliche Probleme im Dienste des Menschen wirken. In diesem Sinne gestaltet sie seit 2019 den Aufbau des <a href=\"https:\/\/socialbusinesshub.at\"><em>Social Business Hub Styria<\/em><\/a> ma\u00dfgeblich mit.[\/vc_column_text][vc_column_text css=&#8221;.vc_custom_1640012120814{margin-top: 20px !important;}&#8221;]<\/p>\n<h3>Auszug \u2013 Ausbildungen und Funktionen:<\/h3>\n<ul>\n<li>Studium der Biochemie (TU Graz) und Musik (Konzertfach Violine, Musikuniversit\u00e4t, Graz))<\/li>\n<li>Promotion in Biophysikalischer Chemie (Biozentrum Basel)<\/li>\n<li>Internationale Forschungst\u00e4tigkeit (Universit\u00e4t Basel Schweiz, Postdoctoral Fellow &#8211; University of California, San Francisco &#8211; USA)<\/li>\n<li>Certified Business Consultant (CMC)<\/li>\n<li>Gesch\u00e4ftsf\u00fchrerin des Business Inkubators Science Park Graz<\/li>\n<li>Lektorin an der Universit\u00e4t Klagenfurt (Institut f\u00fcr Innovationsmanagement und Unternehmensgr\u00fcndung)<\/li>\n<li>Ashoka Visionary Program<\/li>\n<li>Vorstand des Social Business Hub Styria<\/li>\n<\/ul>\n<p>[\/vc_column_text][\/vc_column][vc_column width=&#8221;1\/2&#8243; css=&#8221;.vc_custom_1496993512390{margin-top: 40px !important;margin-bottom: 30px !important;}&#8221;][vc_single_image image=&#8221;22764&#8243; add_caption=&#8221;yes&#8221; qode_css_animation=&#8221;&#8221;][vc_column_text css=&#8221;.vc_custom_1640089374830{margin-top: 20px !important;}&#8221;]<\/p>\n<h2><a href=\"mailto:Siegfried.Voessner@quadris-consulting.com\">Siegfried\u00a0V\u00f6ssner<\/a><\/h2>\n<h3>Partner<\/h3>\n<p>[\/vc_column_text][vc_column_text css=&#8221;.vc_custom_1580564309083{margin-top: 20px !important;margin-bottom: 35px !important;}&#8221;]Aus \u00dcberzeugung und best\u00e4tigt durch langj\u00e4hrige praktische und wissenschaftliche Erfahrungen stehen f\u00fcr ihn Menschen im Mittelpunkt der Betrachtungen. Die ganzheitliche, systemische Betrachtung ihrer Interaktionen untereinander und mit der technischen und gesellschaftlichen Umgebung sind Prinzipien, die sich als roter Faden durch seine Projekte ziehen.[\/vc_column_text][vc_column_text css=&#8221;.vc_custom_1510327280267{margin-top: 20px !important;margin-bottom: 35px !important;}&#8221;]Nach der Promotion an der TU Graz erfolgte ein vierj\u00e4hriger Forschungs- und Lehraufenthalt am Institute for Engineering Economic Systems and Operations Research an der Stanford University, USA. Danach widmete er sich mehrere Jahre der Konzeption und Durchf\u00fchrung internationaler Projekte bei der Unternehmensberatung McKinsey &amp; Company in den Bereichen Operationsmanagement\/Strategy, Logistik und IT. Im Jahre 2003 erfolgte die Berufung als Professor an die Technische Universit\u00e4t Graz. Seine Forschungsaufenthalte f\u00fchrten ihn neben der Stanford University nach Berkeley und auch an die University of Auckland in Neuseeland.<\/p>\n<p>Seine Forschungsschwerpunkte sind Systems Engineering bzw. Systems Architecture sowie Grundlagen von Modellierung und Simulation und deren Anwendungen auf sozio-technische Systeme.[\/vc_column_text]<div class='q_icon_with_title  normal_icon center'><div class=\"icon_holder \" style=\" \"><div class=\"icon_holder_inner\"><span class=\"q_font_elegant_holder normal \" style=\"font-size: 55px;color: #f29029;\"><span class=\"icon_text_icon q_font_elegant_icon icon_quotations\" aria-hidden=\"true\" style=\"font-size: 55px;\"><\/span><\/span><\/div><\/div><div class=\"icon_text_holder\" style=\"\"><div class=\"icon_text_inner\" style=\"\"><h4 class=\"icon_title\" style=\"\"><\/h4><p style=''><\/p><\/div><\/div><\/div>[vc_column_text css=&#8221;.vc_custom_1513426136187{margin-bottom: 40px !important;}&#8221;]<\/p>\n<h5 style=\"text-align: center;\">The most important things in life are not things.<\/h5>\n<p>[\/vc_column_text][vc_column_text css=&#8221;.vc_custom_1510327420959{margin-top: 20px !important;margin-bottom: 35px !important;}&#8221;]Zur praktischen Umsetzung und Validierung der Forschungsergebnisse geh\u00f6ren viele Beratungsprojekte f\u00fcr internationale Konzerne und Unternehmen aus den Branchen High-Tech, Automotive &amp; Assembly, Konsumg\u00fcter, Medien in den Bereichen Business- und Operations Strategy sowie Systementwurf und Prozessoptimierung.[\/vc_column_text][vc_column_text css=&#8221;.vc_custom_1640123269785{margin-top: 20px !important;}&#8221;]<\/p>\n<h3>Auszug \u2013 Ausbildungen und Funktionen:<\/h3>\n<ul>\n<li style=\"list-style-type: none;\">\n<ul>\n<li>Studium der Ingenieurwissenschaften (Maschinenbau\/Industrial Engineering, Informatik)<\/li>\n<li>Internationale Forschungst\u00e4tigkeit: Stanford University, USA (Angewandte Mathematik, Systemmodellierung)<\/li>\n<li>Univ.-Prof. f\u00fcr Wirtschaftsinformatik<\/li>\n<li>Strategy and Operations Consulting: McKinsey &amp; Company<\/li>\n<li>Creativity &amp; Facilitation Trainer, McKinsey &amp; Company<\/li>\n<li>Strategischer F\u00fchrungslehrgang (Landesverteidigungsakademie)<\/li>\n<li><\/li>\n<\/ul>\n<\/li>\n<\/ul>\n<p>[\/vc_column_text][\/vc_column][\/vc_row][vc_row row_type=&#8221;row&#8221; use_row_as_full_screen_section=&#8221;no&#8221; type=&#8221;grid&#8221; text_align=&#8221;left&#8221; background_animation=&#8221;none&#8221; css_animation=&#8221;&#8221;][vc_column css=&#8221;.vc_custom_1490606590939{margin-top: 20px !important;}&#8221;][vc_separator type=&#8221;normal&#8221; border_style=&#8221;&#8221; up=&#8221;0&#8243; down=&#8221;0&#8243;][\/vc_column][\/vc_row][vc_row row_type=&#8221;row&#8221; use_row_as_full_screen_section=&#8221;no&#8221; type=&#8221;full_width&#8221; text_align=&#8221;left&#8221; background_animation=&#8221;none&#8221; css_animation=&#8221;&#8221; css=&#8221;.vc_custom_1490767371092{margin-top: 70px !important;margin-bottom: 60px !important;}&#8221;][vc_column width=&#8221;1\/2&#8243; css=&#8221;.vc_custom_1496993668300{margin-top: 40px !important;margin-bottom: 30px !important;}&#8221;][vc_single_image image=&#8221;22864&#8243; img_size=&#8221;full&#8221; qode_css_animation=&#8221;&#8221;][\/vc_column][vc_column width=&#8221;1\/2&#8243;][vc_column_text css=&#8221;.vc_custom_1640122943764{margin-top: 20px !important;}&#8221;]<\/p>\n<h2>Unser Team und unser Netzwerk<\/h2>\n<p>[\/vc_column_text][vc_column_text css=&#8221;.vc_custom_1640014297861{margin-top: 20px !important;margin-bottom: 35px !important;}&#8221;]Unser Team und unser Netzwerk tragen wesentlich zum Erfolg der Quadris Consulting bei. In der praktischen Zusammenarbeit kombinieren wir vielf\u00e4ltige St\u00e4rken und Sichtweisen.<\/p>\n<p>Wir verf\u00fcgen \u00fcber ein hervorragendes, interdisziplin\u00e4res Team und Netzwerk mit hohem Engagement, in dem fachliche Kompetenz breit gestreut ist.[\/vc_column_text][vc_column_text css=&#8221;.vc_custom_1640122727844{margin-top: 20px !important;}&#8221;]<\/p>\n<h3>Auszug \u2013 Ausbildungen und F\u00e4higkeiten:<\/h3>\n<ul>\n<li>Technische, naturwissenschaftliches, sozialwissenschaftliche Studien<\/li>\n<li>Langj\u00e4hrige Projekterfahrung<\/li>\n<li>Moderation und Pr\u00e4sentation<\/li>\n<li>Quantitative und qualitative Analysetechniken<\/li>\n<\/ul>\n<p>[\/vc_column_text][\/vc_column][\/vc_row]<\/p>\n<\/div>","protected":false},"excerpt":{"rendered":"<p>[vc_row row_type=&#8221;row&#8221; use_row_as_full_screen_section=&#8221;no&#8221; type=&#8221;full_width&#8221; text_align=&#8221;left&#8221; background_animation=&#8221;none&#8221; css_animation=&#8221;&#8221;][vc_column css=&#8221;.vc_custom_1513426403522{border-top-width: 1px !important;border-bottom-width: 1px !important;padding-bottom: 30px !important;border-top-color: #f29029 !important;border-top-style: solid !important;border-bottom-color: #f29029 !important;border-bottom-style: solid !important;}&#8221;][vc_column_text] Wer wir sind [\/vc_column_text][\/vc_column][\/vc_row][vc_row row_type=&#8221;row&#8221; use_row_as_full_screen_section=&#8221;no&#8221; type=&#8221;full_width&#8221; text_align=&#8221;left&#8221; background_animation=&#8221;none&#8221; css_animation=&#8221;&#8221; css=&#8221;.vc_custom_1490766325237{margin-top: 30px !important;margin-bottom: 40px !important;}&#8221;][vc_column width=&#8221;1\/2&#8243; css=&#8221;.vc_custom_1496993301794{margin-top: 40px !important;margin-bottom: 30px !important;}&#8221;][vc_single_image image=&#8221;21636&#8243; qode_css_animation=&#8221;&#8221;][vc_column_text&#8230;<\/p>\n","protected":false},"author":1,"featured_media":0,"parent":0,"menu_order":0,"comment_status":"open","ping_status":"open","template":"","meta":{"footnotes":""},"class_list":["post-18859","page","type-page","status-publish","hentry"],"_links":{"self":[{"href":"https:\/\/quadris-consulting.com\/index.php\/wp-json\/wp\/v2\/pages\/18859","targetHints":{"allow":["GET"]}}],"collection":[{"href":"https:\/\/quadris-consulting.com\/index.php\/wp-json\/wp\/v2\/pages"}],"about":[{"href":"https:\/\/quadris-consulting.com\/index.php\/wp-json\/wp\/v2\/types\/page"}],"author":[{"embeddable":true,"href":"https:\/\/quadris-consulting.com\/index.php\/wp-json\/wp\/v2\/users\/1"}],"replies":[{"embeddable":true,"href":"https:\/\/quadris-consulting.com\/index.php\/wp-json\/wp\/v2\/comments?post=18859"}],"version-history":[{"count":180,"href":"https:\/\/quadris-consulting.com\/index.php\/wp-json\/wp\/v2\/pages\/18859\/revisions"}],"predecessor-version":[{"id":23014,"href":"https:\/\/quadris-consulting.com\/index.php\/wp-json\/wp\/v2\/pages\/18859\/revisions\/23014"}],"wp:attachment":[{"href":"https:\/\/quadris-consulting.com\/index.php\/wp-json\/wp\/v2\/media?parent=18859"}],"curies":[{"name":"wp","href":"https:\/\/api.w.org\/{rel}","templated":true}]}}